{"id":11569,"date":"2024-02-23T17:18:08","date_gmt":"2024-02-23T15:18:08","guid":{"rendered":"https:\/\/www.alfamatic.com\/limitateur-de-course-de-pressage\/"},"modified":"2026-01-15T18:18:30","modified_gmt":"2026-01-15T16:18:30","slug":"limitateur-de-course-de-pressage","status":"publish","type":"page","link":"https:\/\/www.alfamatic.com\/fr\/limitateur-de-course-de-pressage\/","title":{"rendered":"Limitateur de course de pressage"},"content":{"rendered":"\t\t<div data-elementor-type=\"wp-page\" data-elementor-id=\"11569\" class=\"elementor elementor-11569 elementor-2516\" data-elementor-post-type=\"page\">\n\t\t\t\t<div class=\"elementor-element elementor-element-cacd9ae e-flex e-con-boxed e-con e-parent\" data-id=\"cacd9ae\" data-element_type=\"container\">\n\t\t\t\t\t<div class=\"e-con-inner\">\n\t\t<div class=\"elementor-element elementor-element-1621504 e-con-full e-flex e-con e-child\" data-id=\"1621504\" data-element_type=\"container\">\n\t\t<div class=\"elementor-element elementor-element-5b43111 e-flex e-con-boxed e-con e-child\" data-id=\"5b43111\" data-element_type=\"container\">\n\t\t\t\t\t<div class=\"e-con-inner\">\n\t\t\t\t<div class=\"elementor-element elementor-element-3f81e93 elementor-widget elementor-widget-image\" data-id=\"3f81e93\" data-element_type=\"widget\" data-widget_type=\"image.default\">\n\t\t\t\t<div class=\"elementor-widget-container\">\n\t\t\t\t\t\t\t\t\t\t\t\t\t<img fetchpriority=\"high\" decoding=\"async\" width=\"1000\" height=\"1178\" src=\"https:\/\/www.alfamatic.com\/wp-content\/uploads\/2024\/02\/a3a274ed92c24aeb81b13d414b1ae21a.png\" class=\"attachment-full size-full wp-image-11570\" alt=\"\" srcset=\"https:\/\/www.alfamatic.com\/wp-content\/uploads\/2024\/02\/a3a274ed92c24aeb81b13d414b1ae21a.png 1000w, https:\/\/www.alfamatic.com\/wp-content\/uploads\/2024\/02\/a3a274ed92c24aeb81b13d414b1ae21a-255x300.png 255w, https:\/\/www.alfamatic.com\/wp-content\/uploads\/2024\/02\/a3a274ed92c24aeb81b13d414b1ae21a-869x1024.png 869w, https:\/\/www.alfamatic.com\/wp-content\/uploads\/2024\/02\/a3a274ed92c24aeb81b13d414b1ae21a-768x905.png 768w\" sizes=\"(max-width: 1000px) 100vw, 1000px\" \/>\t\t\t\t\t\t\t\t\t\t\t\t\t<\/div>\n\t\t\t\t<\/div>\n\t\t\t\t\t<\/div>\n\t\t\t\t<\/div>\n\t\t<div class=\"elementor-element elementor-element-1ca63b8 e-flex e-con-boxed e-con e-child\" data-id=\"1ca63b8\" data-element_type=\"container\">\n\t\t\t\t\t<div class=\"e-con-inner\">\n\t\t\t\t<div class=\"elementor-element elementor-element-2f22144 elementor-widget elementor-widget-heading\" data-id=\"2f22144\" data-element_type=\"widget\" data-widget_type=\"heading.default\">\n\t\t\t\t<div class=\"elementor-widget-container\">\n\t\t\t<h2 class=\"elementor-heading-title elementor-size-default\">W - Limiteur de course de pressage<\/h2>\t\t<\/div>\n\t\t\t\t<\/div>\n\t\t\t\t<div class=\"elementor-element elementor-element-fa67919 elementor-widget elementor-widget-text-editor\" data-id=\"fa67919\" data-element_type=\"widget\" data-widget_type=\"text-editor.default\">\n\t\t\t\t<div class=\"elementor-widget-container\">\n\t\t\t\t\t\t\t<p>Le dispositif permet de limiter la course de pressage du v\u00e9rin de mani\u00e8re <strong>rapide et facile<\/strong>.<br \/>Il suffit de r\u00e9gler la valeur d\u00e9sir\u00e9e en utilisant la molette gradu\u00e9e situ\u00e9e sur la face avant du dispositif.<br \/>La course de pressage r\u00e9gl\u00e9e sera ainsi disponible <strong>\u00e0 n\u2019importe quel point de la course d\u2019approche<\/strong>, d\u00e8s qu\u2019une r\u00e9sistance appara\u00eet sur la tige du presseur.<\/p>\n\t\t\t\t\t\t<\/div>\n\t\t\t\t<\/div>\n\t\t\t\t<div class=\"elementor-element elementor-element-bbb0d62 elementor-widget elementor-widget-heading\" data-id=\"bbb0d62\" data-element_type=\"widget\" data-widget_type=\"heading.default\">\n\t\t\t\t<div class=\"elementor-widget-container\">\n\t\t\t<h2 class=\"elementor-heading-title elementor-size-default\">Caract\u00e9ristiques techniques<\/h2>\t\t<\/div>\n\t\t\t\t<\/div>\n\t\t\t\t<div class=\"elementor-element elementor-element-ff4097d elementor-icon-list--layout-traditional elementor-list-item-link-full_width elementor-widget elementor-widget-icon-list\" data-id=\"ff4097d\" data-element_type=\"widget\" data-widget_type=\"icon-list.default\">\n\t\t\t\t<div class=\"elementor-widget-container\">\n\t\t\t\t\t<ul class=\"elementor-icon-list-items\">\n\t\t\t\t\t\t\t<li class=\"elementor-icon-list-item\">\n\t\t\t\t\t\t\t\t\t\t\t<span class=\"elementor-icon-list-icon\">\n\t\t\t\t\t\t\t<svg xmlns=\"http:\/\/www.w3.org\/2000\/svg\" id=\"Livello_1\" viewBox=\"0 0 431.69 431.69\"><defs><style>.cls-1{fill:#fff;}.cls-1,.cls-2{stroke-width:0px;}.cls-2{fill:#009fe3;}<\/style><\/defs><circle class=\"cls-2\" cx=\"215.85\" cy=\"215.85\" r=\"209.08\"><\/circle><path class=\"cls-1\" d=\"m216.71,230.2c-19.37,19.31-37.61,37.47-55.82,55.65-14.14,14.13-28.17,28.37-42.4,42.41-6.78,6.69-16.68,7.27-24.04,1.86-7.21-5.3-9.64-15.13-5.48-23.12,1.11-2.12,2.68-4.1,4.38-5.81,36.16-36.24,72.35-72.46,108.58-108.63,8.39-8.38,19.18-8.51,27.57-.15,36.46,36.35,72.85,72.77,109.2,109.23,7.85,7.87,8.03,19.29.75,26.65-7.41,7.49-18.88,7.28-26.94-.77-30.93-30.9-61.79-61.87-92.63-92.85-1.2-1.2-2-2.8-3.17-4.48Z\"><\/path><path class=\"cls-1\" d=\"m215.84,120.4c-8.47,8.44-16.62,16.54-24.74,24.67-23.68,23.72-47.36,47.43-71,71.19-5.23,5.26-11.41,7.18-18.51,5.25-6.96-1.89-11.38-6.62-13-13.63-1.54-6.67.39-12.48,5.25-17.33,14.24-14.23,28.47-28.49,42.7-42.73,21.46-21.47,42.91-42.93,64.38-64.39,9.99-9.98,20.11-10.04,30.03-.12,35.71,35.69,71.42,71.39,107.08,107.12,11.04,11.07,7.86,27.57-6.17,31.89-7.6,2.34-14.08.08-19.62-5.52-14.28-14.4-28.63-28.73-42.96-43.09-16.76-16.8-33.53-33.6-50.3-50.39-.9-.9-1.86-1.74-3.14-2.94Z\"><\/path><\/svg>\t\t\t\t\t\t<\/span>\n\t\t\t\t\t\t\t\t\t\t<span class=\"elementor-icon-list-text\">Plage de r\u00e9glage : de 0 \u00e0 15 mm<\/span>\n\t\t\t\t\t\t\t\t\t<\/li>\n\t\t\t\t\t\t\t\t<li class=\"elementor-icon-list-item\">\n\t\t\t\t\t\t\t\t\t\t\t<span class=\"elementor-icon-list-icon\">\n\t\t\t\t\t\t\t<svg xmlns=\"http:\/\/www.w3.org\/2000\/svg\" id=\"Livello_1\" viewBox=\"0 0 431.69 431.69\"><defs><style>.cls-1{fill:#fff;}.cls-1,.cls-2{stroke-width:0px;}.cls-2{fill:#009fe3;}<\/style><\/defs><circle class=\"cls-2\" cx=\"215.85\" cy=\"215.85\" r=\"209.08\"><\/circle><path class=\"cls-1\" d=\"m216.71,230.2c-19.37,19.31-37.61,37.47-55.82,55.65-14.14,14.13-28.17,28.37-42.4,42.41-6.78,6.69-16.68,7.27-24.04,1.86-7.21-5.3-9.64-15.13-5.48-23.12,1.11-2.12,2.68-4.1,4.38-5.81,36.16-36.24,72.35-72.46,108.58-108.63,8.39-8.38,19.18-8.51,27.57-.15,36.46,36.35,72.85,72.77,109.2,109.23,7.85,7.87,8.03,19.29.75,26.65-7.41,7.49-18.88,7.28-26.94-.77-30.93-30.9-61.79-61.87-92.63-92.85-1.2-1.2-2-2.8-3.17-4.48Z\"><\/path><path class=\"cls-1\" d=\"m215.84,120.4c-8.47,8.44-16.62,16.54-24.74,24.67-23.68,23.72-47.36,47.43-71,71.19-5.23,5.26-11.41,7.18-18.51,5.25-6.96-1.89-11.38-6.62-13-13.63-1.54-6.67.39-12.48,5.25-17.33,14.24-14.23,28.47-28.49,42.7-42.73,21.46-21.47,42.91-42.93,64.38-64.39,9.99-9.98,20.11-10.04,30.03-.12,35.71,35.69,71.42,71.39,107.08,107.12,11.04,11.07,7.86,27.57-6.17,31.89-7.6,2.34-14.08.08-19.62-5.52-14.28-14.4-28.63-28.73-42.96-43.09-16.76-16.8-33.53-33.6-50.3-50.39-.9-.9-1.86-1.74-3.14-2.94Z\"><\/path><\/svg>\t\t\t\t\t\t<\/span>\n\t\t\t\t\t\t\t\t\t\t<span class=\"elementor-icon-list-text\">Pr\u00e9cision de r\u00e9p\u00e9tabilit\u00e9 : environ (\u00b1) 0,15 mm (\u00e0 vitesse moyenne)<\/span>\n\t\t\t\t\t\t\t\t\t<\/li>\n\t\t\t\t\t\t\t\t<li class=\"elementor-icon-list-item\">\n\t\t\t\t\t\t\t\t\t\t\t<span class=\"elementor-icon-list-icon\">\n\t\t\t\t\t\t\t<svg xmlns=\"http:\/\/www.w3.org\/2000\/svg\" id=\"Livello_1\" viewBox=\"0 0 431.69 431.69\"><defs><style>.cls-1{fill:#fff;}.cls-1,.cls-2{stroke-width:0px;}.cls-2{fill:#009fe3;}<\/style><\/defs><circle class=\"cls-2\" cx=\"215.85\" cy=\"215.85\" r=\"209.08\"><\/circle><path class=\"cls-1\" d=\"m216.71,230.2c-19.37,19.31-37.61,37.47-55.82,55.65-14.14,14.13-28.17,28.37-42.4,42.41-6.78,6.69-16.68,7.27-24.04,1.86-7.21-5.3-9.64-15.13-5.48-23.12,1.11-2.12,2.68-4.1,4.38-5.81,36.16-36.24,72.35-72.46,108.58-108.63,8.39-8.38,19.18-8.51,27.57-.15,36.46,36.35,72.85,72.77,109.2,109.23,7.85,7.87,8.03,19.29.75,26.65-7.41,7.49-18.88,7.28-26.94-.77-30.93-30.9-61.79-61.87-92.63-92.85-1.2-1.2-2-2.8-3.17-4.48Z\"><\/path><path class=\"cls-1\" d=\"m215.84,120.4c-8.47,8.44-16.62,16.54-24.74,24.67-23.68,23.72-47.36,47.43-71,71.19-5.23,5.26-11.41,7.18-18.51,5.25-6.96-1.89-11.38-6.62-13-13.63-1.54-6.67.39-12.48,5.25-17.33,14.24-14.23,28.47-28.49,42.7-42.73,21.46-21.47,42.91-42.93,64.38-64.39,9.99-9.98,20.11-10.04,30.03-.12,35.71,35.69,71.42,71.39,107.08,107.12,11.04,11.07,7.86,27.57-6.17,31.89-7.6,2.34-14.08.08-19.62-5.52-14.28-14.4-28.63-28.73-42.96-43.09-16.76-16.8-33.53-33.6-50.3-50.39-.9-.9-1.86-1.74-3.14-2.94Z\"><\/path><\/svg>\t\t\t\t\t\t<\/span>\n\t\t\t\t\t\t\t\t\t\t<span class=\"elementor-icon-list-text\">Aucun contact m\u00e9canique interne<\/span>\n\t\t\t\t\t\t\t\t\t<\/li>\n\t\t\t\t\t\t<\/ul>\n\t\t\t\t<\/div>\n\t\t\t\t<\/div>\n\t\t\t\t\t<\/div>\n\t\t\t\t<\/div>\n\t\t\t\t<\/div>\n\t\t\t\t\t<\/div>\n\t\t\t\t<\/div>\n\t\t\t\t<\/div>\n\t\t","protected":false},"excerpt":{"rendered":"<p>W &#8211; Limiteur de course de pressage Le dispositif permet de limiter la course de pressage du v\u00e9rin de mani\u00e8re rapide et facile.Il suffit de r\u00e9gler la valeur d\u00e9sir\u00e9e en utilisant la molette gradu\u00e9e situ\u00e9e sur la face avant du dispositif.La course de pressage r\u00e9gl\u00e9e sera ainsi disponible \u00e0 n\u2019importe quel point de la course [&hellip;]<\/p>\n","protected":false},"author":1,"featured_media":0,"parent":0,"menu_order":0,"comment_status":"closed","ping_status":"closed","template":"","meta":{"_acf_changed":false,"footnotes":""},"class_list":["post-11569","page","type-page","status-publish","hentry"],"acf":[],"_links":{"self":[{"href":"https:\/\/www.alfamatic.com\/fr\/wp-json\/wp\/v2\/pages\/11569"}],"collection":[{"href":"https:\/\/www.alfamatic.com\/fr\/wp-json\/wp\/v2\/pages"}],"about":[{"href":"https:\/\/www.alfamatic.com\/fr\/wp-json\/wp\/v2\/types\/page"}],"author":[{"embeddable":true,"href":"https:\/\/www.alfamatic.com\/fr\/wp-json\/wp\/v2\/users\/1"}],"replies":[{"embeddable":true,"href":"https:\/\/www.alfamatic.com\/fr\/wp-json\/wp\/v2\/comments?post=11569"}],"version-history":[{"count":1,"href":"https:\/\/www.alfamatic.com\/fr\/wp-json\/wp\/v2\/pages\/11569\/revisions"}],"predecessor-version":[{"id":11571,"href":"https:\/\/www.alfamatic.com\/fr\/wp-json\/wp\/v2\/pages\/11569\/revisions\/11571"}],"wp:attachment":[{"href":"https:\/\/www.alfamatic.com\/fr\/wp-json\/wp\/v2\/media?parent=11569"}],"curies":[{"name":"wp","href":"https:\/\/api.w.org\/{rel}","templated":true}]}}